{"id":487,"date":"2026-01-09T01:43:15","date_gmt":"2026-01-08T22:43:15","guid":{"rendered":"https:\/\/podo24.shop\/?post_type=product&#038;p=487"},"modified":"2026-01-09T01:46:35","modified_gmt":"2026-01-08T22:46:35","slug":"gehwol-poiapadi-g","status":"publish","type":"product","link":"https:\/\/podo24.shop\/et\/toode\/gehwol-poiapadi-g\/","title":{"rendered":"Gehwol p\u00f6iapadi G"},"content":{"rendered":"<p>Surve leevendamine ja keskmise jala kaitse h\u00f5\u00f5rdumise eest.<\/p>\n<p>Nahas\u00f5bralik, pehme, \u00fclielastne pol\u00fcmeerne geelpadi Eriti mugav, pehme pol\u00fcmeergeel, mille keskel on paksem polsterdus. Kaitseb keskmist jalga h\u00f5\u00f5rdumise ja surve eest.<\/p>","protected":false},"excerpt":{"rendered":"<p><strong>1 paar<\/strong><\/p>\n<p>Surve leevendamine ja keskmise jala kaitse h\u00f5\u00f5rdumise eest.<\/p>","protected":false},"featured_media":565,"template":"","meta":[],"product_brand":[],"product_cat":[16],"product_tag":[],"class_list":{"0":"post-487","1":"product","2":"type-product","3":"status-publish","4":"has-post-thumbnail","6":"product_cat-misc","8":"first","9":"outofstock","10":"taxable","11":"shipping-taxable","12":"product-type-variable"},"_links":{"self":[{"href":"https:\/\/podo24.shop\/et\/wp-json\/wp\/v2\/product\/487","targetHints":{"allow":["GET"]}}],"collection":[{"href":"https:\/\/podo24.shop\/et\/wp-json\/wp\/v2\/product"}],"about":[{"href":"https:\/\/podo24.shop\/et\/wp-json\/wp\/v2\/types\/product"}],"wp:featuredmedia":[{"embeddable":true,"href":"https:\/\/podo24.shop\/et\/wp-json\/wp\/v2\/media\/565"}],"wp:attachment":[{"href":"https:\/\/podo24.shop\/et\/wp-json\/wp\/v2\/media?parent=487"}],"wp:term":[{"taxonomy":"product_brand","embeddable":true,"href":"https:\/\/podo24.shop\/et\/wp-json\/wp\/v2\/product_brand?post=487"},{"taxonomy":"product_cat","embeddable":true,"href":"https:\/\/podo24.shop\/et\/wp-json\/wp\/v2\/product_cat?post=487"},{"taxonomy":"product_tag","embeddable":true,"href":"https:\/\/podo24.shop\/et\/wp-json\/wp\/v2\/product_tag?post=487"}],"curies":[{"name":"wp","href":"https:\/\/api.w.org\/{rel}","templated":true}]}}