{"id":473,"date":"2026-01-09T01:42:48","date_gmt":"2026-01-08T22:42:48","guid":{"rendered":"https:\/\/podo24.shop\/?post_type=product&#038;p=473"},"modified":"2026-01-09T01:46:01","modified_gmt":"2026-01-08T22:46:01","slug":"gehwol-varbakaitserongad-g","status":"publish","type":"product","link":"https:\/\/podo24.shop\/et\/toode\/gehwol-varbakaitserongad-g\/","title":{"rendered":"Gehwol Varbakaitser\u00f5ngad G"},"content":{"rendered":"<p>Nahas\u00f5bralik, pehme, v\u00e4ga elastne pol\u00fcmeerne geelr\u00f5ngas.<\/p>\n<p>Paindlik pol\u00fcmeer-geelr\u00f5ngas \u00fchtlaseks r\u00f5hu jaotamiseks nt. t\u00fc\u00fckad v\u00f5i konnasilmad.<\/p>","protected":false},"excerpt":{"rendered":"<p><strong>2tk\/pakis<\/strong><\/p>\n<p>Nahas\u00f5bralik, pehme, v\u00e4ga elastne pol\u00fcmeerne geelr\u00f5ngas.<\/p>","protected":false},"featured_media":545,"template":"","meta":[],"product_brand":[],"product_cat":[16],"product_tag":[],"class_list":{"0":"post-473","1":"product","2":"type-product","3":"status-publish","4":"has-post-thumbnail","6":"product_cat-misc","8":"first","9":"outofstock","10":"taxable","11":"shipping-taxable","12":"product-type-variable"},"_links":{"self":[{"href":"https:\/\/podo24.shop\/et\/wp-json\/wp\/v2\/product\/473","targetHints":{"allow":["GET"]}}],"collection":[{"href":"https:\/\/podo24.shop\/et\/wp-json\/wp\/v2\/product"}],"about":[{"href":"https:\/\/podo24.shop\/et\/wp-json\/wp\/v2\/types\/product"}],"wp:featuredmedia":[{"embeddable":true,"href":"https:\/\/podo24.shop\/et\/wp-json\/wp\/v2\/media\/545"}],"wp:attachment":[{"href":"https:\/\/podo24.shop\/et\/wp-json\/wp\/v2\/media?parent=473"}],"wp:term":[{"taxonomy":"product_brand","embeddable":true,"href":"https:\/\/podo24.shop\/et\/wp-json\/wp\/v2\/product_brand?post=473"},{"taxonomy":"product_cat","embeddable":true,"href":"https:\/\/podo24.shop\/et\/wp-json\/wp\/v2\/product_cat?post=473"},{"taxonomy":"product_tag","embeddable":true,"href":"https:\/\/podo24.shop\/et\/wp-json\/wp\/v2\/product_tag?post=473"}],"curies":[{"name":"wp","href":"https:\/\/api.w.org\/{rel}","templated":true}]}}