{"id":465,"date":"2026-01-09T01:42:20","date_gmt":"2026-01-08T22:42:20","guid":{"rendered":"https:\/\/podo24.shop\/?post_type=product&#038;p=465"},"modified":"2026-01-09T01:45:44","modified_gmt":"2026-01-08T22:45:44","slug":"gehwol-korrigeerimisrongad-g","status":"publish","type":"product","link":"https:\/\/podo24.shop\/et\/toode\/gehwol-korrigeerimisrongad-g\/","title":{"rendered":"Gehwol korrigeerimisr\u00f5ngad G"},"content":{"rendered":"<p>Nahas\u00f5bralik, pehme, v\u00e4ga elastne pol\u00fcmeerne geelr\u00f5ngas.<\/p>\n<p>Haamervarvastega seotud t\u00fc\u00fcpiliste probleemide leevendamiseks. Venitab, langetab ja suunab varba \u00f5rnalt normaalasendisse. M\u00f5jutatud varbaliiges leevendub ja kalluse teke on piiratud. Sobib v\u00e4ga h\u00e4sti varvaste ja varvaste vahele j\u00e4\u00e4vatele survekohtadele.<\/p>","protected":false},"excerpt":{"rendered":"<p><strong>3tk\/pakis<\/strong><\/p>\n<p>Nahas\u00f5bralik, pehme, v\u00e4ga elastne pol\u00fcmeerne geelr\u00f5ngas.<\/p>","protected":false},"featured_media":544,"template":"","meta":[],"product_brand":[],"product_cat":[16],"product_tag":[],"class_list":{"0":"post-465","1":"product","2":"type-product","3":"status-publish","4":"has-post-thumbnail","6":"product_cat-misc","8":"first","9":"instock","10":"taxable","11":"shipping-taxable","12":"purchasable","13":"product-type-simple"},"_links":{"self":[{"href":"https:\/\/podo24.shop\/et\/wp-json\/wp\/v2\/product\/465","targetHints":{"allow":["GET"]}}],"collection":[{"href":"https:\/\/podo24.shop\/et\/wp-json\/wp\/v2\/product"}],"about":[{"href":"https:\/\/podo24.shop\/et\/wp-json\/wp\/v2\/types\/product"}],"wp:featuredmedia":[{"embeddable":true,"href":"https:\/\/podo24.shop\/et\/wp-json\/wp\/v2\/media\/544"}],"wp:attachment":[{"href":"https:\/\/podo24.shop\/et\/wp-json\/wp\/v2\/media?parent=465"}],"wp:term":[{"taxonomy":"product_brand","embeddable":true,"href":"https:\/\/podo24.shop\/et\/wp-json\/wp\/v2\/product_brand?post=465"},{"taxonomy":"product_cat","embeddable":true,"href":"https:\/\/podo24.shop\/et\/wp-json\/wp\/v2\/product_cat?post=465"},{"taxonomy":"product_tag","embeddable":true,"href":"https:\/\/podo24.shop\/et\/wp-json\/wp\/v2\/product_tag?post=465"}],"curies":[{"name":"wp","href":"https:\/\/api.w.org\/{rel}","templated":true}]}}