{"id":464,"date":"2026-01-09T01:42:20","date_gmt":"2026-01-08T22:42:20","guid":{"rendered":"https:\/\/podo24.shop\/?post_type=product&#038;p=464"},"modified":"2026-01-09T01:45:41","modified_gmt":"2026-01-08T22:45:41","slug":"toe-divider-gd","status":"publish","type":"product","link":"https:\/\/podo24.shop\/et\/toode\/toe-divider-gd\/","title":{"rendered":"Toe Divider GD"},"content":{"rendered":"<p>Tagab kindlama pidamise. Kaitseb tihedalt lamavaid varbaid h\u00f5\u00f5rdumise eest ja annab m\u00e4rgatava leevenduse varvastevaheliste konnasilmadega. Uus \u2013 \u00f5hemad eraldusvardad parema kandmismugavuse tagamiseks. Parandab kattuvaid varbaid ja sobib jalalaba palli m\u00f5jutavate deformatsioonide raviks.<\/p>","protected":false},"excerpt":{"rendered":"<p><strong>3tk\/pakis<\/strong><\/p>\n<p>Nahas\u00f5bralik, pehme, v\u00e4ga elastne pol\u00fcmeerne geelpadi.<\/p>","protected":false},"featured_media":541,"template":"","meta":[],"product_brand":[],"product_cat":[16],"product_tag":[],"class_list":{"0":"post-464","1":"product","2":"type-product","3":"status-publish","4":"has-post-thumbnail","6":"product_cat-misc","8":"first","9":"outofstock","10":"taxable","11":"shipping-taxable","12":"product-type-variable"},"_links":{"self":[{"href":"https:\/\/podo24.shop\/et\/wp-json\/wp\/v2\/product\/464","targetHints":{"allow":["GET"]}}],"collection":[{"href":"https:\/\/podo24.shop\/et\/wp-json\/wp\/v2\/product"}],"about":[{"href":"https:\/\/podo24.shop\/et\/wp-json\/wp\/v2\/types\/product"}],"wp:featuredmedia":[{"embeddable":true,"href":"https:\/\/podo24.shop\/et\/wp-json\/wp\/v2\/media\/541"}],"wp:attachment":[{"href":"https:\/\/podo24.shop\/et\/wp-json\/wp\/v2\/media?parent=464"}],"wp:term":[{"taxonomy":"product_brand","embeddable":true,"href":"https:\/\/podo24.shop\/et\/wp-json\/wp\/v2\/product_brand?post=464"},{"taxonomy":"product_cat","embeddable":true,"href":"https:\/\/podo24.shop\/et\/wp-json\/wp\/v2\/product_cat?post=464"},{"taxonomy":"product_tag","embeddable":true,"href":"https:\/\/podo24.shop\/et\/wp-json\/wp\/v2\/product_tag?post=464"}],"curies":[{"name":"wp","href":"https:\/\/api.w.org\/{rel}","templated":true}]}}