{"id":457,"date":"2026-01-09T01:41:58","date_gmt":"2026-01-08T22:41:58","guid":{"rendered":"https:\/\/podo24.shop\/?post_type=product&#038;p=457"},"modified":"2026-01-09T01:45:23","modified_gmt":"2026-01-08T22:45:23","slug":"gehwol-polumeeri-geelvarvaste-jagajad","status":"publish","type":"product","link":"https:\/\/podo24.shop\/et\/toode\/gehwol-polumeeri-geelvarvaste-jagajad\/","title":{"rendered":"Gehwol pol\u00fcmeeri geelvarvaste jagajad"},"content":{"rendered":"<p>Parandab varbaid ja kaitseb h\u00f5\u00f5rdumise eest.<\/p>\n<p>Mugavalt \u00f5rn kaitsevorm v\u00e4ga l\u00e4hestikku asuvatele varvastele. Hoiab \u00e4ra haava h\u00f5\u00f5rdumise ja naha\u00e4rrituse. Leevendus varvastevahelistele konnasilmadele.<\/p>","protected":false},"excerpt":{"rendered":"<p><strong>3tk\/pakis<\/strong><\/p>\n<p>Parandab varbaid ja kaitseb h\u00f5\u00f5rdumise eest.<\/p>","protected":false},"featured_media":532,"template":"","meta":[],"product_brand":[],"product_cat":[16],"product_tag":[],"class_list":{"0":"post-457","1":"product","2":"type-product","3":"status-publish","4":"has-post-thumbnail","6":"product_cat-misc","8":"first","9":"outofstock","10":"taxable","11":"shipping-taxable","12":"product-type-variable"},"_links":{"self":[{"href":"https:\/\/podo24.shop\/et\/wp-json\/wp\/v2\/product\/457","targetHints":{"allow":["GET"]}}],"collection":[{"href":"https:\/\/podo24.shop\/et\/wp-json\/wp\/v2\/product"}],"about":[{"href":"https:\/\/podo24.shop\/et\/wp-json\/wp\/v2\/types\/product"}],"wp:featuredmedia":[{"embeddable":true,"href":"https:\/\/podo24.shop\/et\/wp-json\/wp\/v2\/media\/532"}],"wp:attachment":[{"href":"https:\/\/podo24.shop\/et\/wp-json\/wp\/v2\/media?parent=457"}],"wp:term":[{"taxonomy":"product_brand","embeddable":true,"href":"https:\/\/podo24.shop\/et\/wp-json\/wp\/v2\/product_brand?post=457"},{"taxonomy":"product_cat","embeddable":true,"href":"https:\/\/podo24.shop\/et\/wp-json\/wp\/v2\/product_cat?post=457"},{"taxonomy":"product_tag","embeddable":true,"href":"https:\/\/podo24.shop\/et\/wp-json\/wp\/v2\/product_tag?post=457"}],"curies":[{"name":"wp","href":"https:\/\/api.w.org\/{rel}","templated":true}]}}