{"id":411,"date":"2026-01-09T01:37:14","date_gmt":"2026-01-08T22:37:14","guid":{"rendered":"https:\/\/podo24.shop\/?post_type=product&#038;p=411"},"modified":"2026-01-09T01:44:19","modified_gmt":"2026-01-08T22:44:19","slug":"gehwol-blisterplaaster","status":"publish","type":"product","link":"https:\/\/podo24.shop\/et\/toode\/gehwol-blisterplaaster\/","title":{"rendered":"Gehwol blisterplaaster"},"content":{"rendered":"<p>Kalluse ja h\u00f5\u00f5rdunud naha raviks.<\/p>\n<p>Loomulik haavade paranemine ja survekaitse \u00fches s\u00fcsteemis! H\u00fcdrokolloid t\u00f5mbab mullist niiskuse v\u00e4lja ja \u00fchineb sellega aktiivselt hingavaks geelitaoliseks kaitsepadjaks. Geelpadi toimib nagu niiske haavaside. See katab villi, v\u00e4hendab survet ja hoiab haava puhta ja patogeenivaba t\u00e4nu oma stabiilsele igak\u00fclgsele nakkumisele. See soodustab haavade paranemist ja v\u00f5imaldab valutult k\u00f5ndida.<\/p>","protected":false},"excerpt":{"rendered":"<p>Kalluse ja h\u00f5\u00f5rdunud naha raviks.<\/p>","protected":false},"featured_media":502,"template":"","meta":[],"product_brand":[],"product_cat":[16],"product_tag":[],"class_list":{"0":"post-411","1":"product","2":"type-product","3":"status-publish","4":"has-post-thumbnail","6":"product_cat-misc","8":"first","9":"outofstock","10":"taxable","11":"shipping-taxable","12":"product-type-variable"},"_links":{"self":[{"href":"https:\/\/podo24.shop\/et\/wp-json\/wp\/v2\/product\/411","targetHints":{"allow":["GET"]}}],"collection":[{"href":"https:\/\/podo24.shop\/et\/wp-json\/wp\/v2\/product"}],"about":[{"href":"https:\/\/podo24.shop\/et\/wp-json\/wp\/v2\/types\/product"}],"wp:featuredmedia":[{"embeddable":true,"href":"https:\/\/podo24.shop\/et\/wp-json\/wp\/v2\/media\/502"}],"wp:attachment":[{"href":"https:\/\/podo24.shop\/et\/wp-json\/wp\/v2\/media?parent=411"}],"wp:term":[{"taxonomy":"product_brand","embeddable":true,"href":"https:\/\/podo24.shop\/et\/wp-json\/wp\/v2\/product_brand?post=411"},{"taxonomy":"product_cat","embeddable":true,"href":"https:\/\/podo24.shop\/et\/wp-json\/wp\/v2\/product_cat?post=411"},{"taxonomy":"product_tag","embeddable":true,"href":"https:\/\/podo24.shop\/et\/wp-json\/wp\/v2\/product_tag?post=411"}],"curies":[{"name":"wp","href":"https:\/\/api.w.org\/{rel}","templated":true}]}}