{"id":380,"date":"2026-01-09T01:34:34","date_gmt":"2026-01-08T22:34:34","guid":{"rendered":"https:\/\/podo24.shop\/?post_type=product&#038;p=380"},"modified":"2026-01-09T01:42:35","modified_gmt":"2026-01-08T22:42:35","slug":"gehwol-fusskraft-kuunte-ja-naha-kaitsesprei","status":"publish","type":"product","link":"https:\/\/podo24.shop\/et\/toode\/gehwol-fusskraft-kuunte-ja-naha-kaitsesprei\/","title":{"rendered":"Gehwol Fusskraft k\u00fc\u00fcnte ja naha kaitsesprei"},"content":{"rendered":"<p>Hoolitseb k\u00fc\u00fcnte eest, annab elastsuse, aitab kaitsta nahka ja k\u00fc\u00fcsi seeninfektsiooni eest.<\/p>\n<p>K\u00dc\u00dcNTE- JA NAHAKAITSESPREI pantenooli ja E-vitamiiniga parandab k\u00fc\u00fcnte ja k\u00fc\u00fcnenaha elastsust, stabiilsust ja v\u00e4limust.\u2022 Toitev valem soodustab naha ja k\u00fc\u00fcnte taastumist\u2022 Bisabolool ja klotrimasool hoiavad \u00e4ra p\u00f5letike ning kaitsevad naha- ja k\u00fc\u00fcneseene eest.Tagurpidi pihustiga \u2013 pihustab igas asendis.<\/p>","protected":false},"excerpt":{"rendered":"<p><strong>100ml<\/strong><\/p>\n<p>Hoolitseb k\u00fc\u00fcnte eest, annab elastsuse, aitab kaitsta nahka ja k\u00fc\u00fcsi seeninfektsiooni eest.<\/p>","protected":false},"featured_media":469,"template":"","meta":[],"product_brand":[],"product_cat":[16],"product_tag":[],"class_list":{"0":"post-380","1":"product","2":"type-product","3":"status-publish","4":"has-post-thumbnail","6":"product_cat-misc","8":"first","9":"instock","10":"taxable","11":"shipping-taxable","12":"purchasable","13":"product-type-simple"},"_links":{"self":[{"href":"https:\/\/podo24.shop\/et\/wp-json\/wp\/v2\/product\/380","targetHints":{"allow":["GET"]}}],"collection":[{"href":"https:\/\/podo24.shop\/et\/wp-json\/wp\/v2\/product"}],"about":[{"href":"https:\/\/podo24.shop\/et\/wp-json\/wp\/v2\/types\/product"}],"wp:featuredmedia":[{"embeddable":true,"href":"https:\/\/podo24.shop\/et\/wp-json\/wp\/v2\/media\/469"}],"wp:attachment":[{"href":"https:\/\/podo24.shop\/et\/wp-json\/wp\/v2\/media?parent=380"}],"wp:term":[{"taxonomy":"product_brand","embeddable":true,"href":"https:\/\/podo24.shop\/et\/wp-json\/wp\/v2\/product_brand?post=380"},{"taxonomy":"product_cat","embeddable":true,"href":"https:\/\/podo24.shop\/et\/wp-json\/wp\/v2\/product_cat?post=380"},{"taxonomy":"product_tag","embeddable":true,"href":"https:\/\/podo24.shop\/et\/wp-json\/wp\/v2\/product_tag?post=380"}],"curies":[{"name":"wp","href":"https:\/\/api.w.org\/{rel}","templated":true}]}}