{"id":379,"date":"2026-01-09T01:34:34","date_gmt":"2026-01-08T22:34:34","guid":{"rendered":"https:\/\/podo24.shop\/?post_type=product&#038;p=379"},"modified":"2026-01-09T01:42:31","modified_gmt":"2026-01-08T22:42:31","slug":"gehwol-fusskraft-varskendav-kreem-piparmunt","status":"publish","type":"product","link":"https:\/\/podo24.shop\/et\/toode\/gehwol-fusskraft-varskendav-kreem-piparmunt\/","title":{"rendered":"Gehwol Fusskraft  v\u00e4rskendav kreem (piparm\u00fcnt)"},"content":{"rendered":"<p>Elustab valutavaid jalgu.<\/p>\n<p>M\u00fcndi\u00f5li ja mentooliga V\u00c4RSKENDAV KREEM taaselustab valutavaid jalgu.\u2022 Kerge, geelitaoline konsistents on mitterasvane ja imendub kergesti\u2022 Hoiab \u00e4ra jalgade l\u00f5hna\u2022 Aloe vera ja uurea niisutavad\u2022 Rosmariini, m\u00e4gim\u00e4nni ja lavendli looduslikud eeterlikud \u00f5lid turgutavad ja annavad V\u00c4RSKENDAVALE KREEMILE iseloomuliku l\u00f5hna\u2022 Desinfitseerivad toimeained kaitsevad usaldusv\u00e4\u00e4rselt jalaseene ja s\u00fcgeluse eest, sealhulgas varvaste vahel<\/p>","protected":false},"excerpt":{"rendered":"<p><strong>75ml, 125ml, 500ml<\/strong><\/p>\n<p>Elustab valutavaid jalgu.<\/p>","protected":false},"featured_media":466,"template":"","meta":[],"product_brand":[],"product_cat":[16],"product_tag":[],"class_list":{"0":"post-379","1":"product","2":"type-product","3":"status-publish","4":"has-post-thumbnail","6":"product_cat-misc","8":"first","9":"outofstock","10":"taxable","11":"shipping-taxable","12":"product-type-variable"},"_links":{"self":[{"href":"https:\/\/podo24.shop\/et\/wp-json\/wp\/v2\/product\/379","targetHints":{"allow":["GET"]}}],"collection":[{"href":"https:\/\/podo24.shop\/et\/wp-json\/wp\/v2\/product"}],"about":[{"href":"https:\/\/podo24.shop\/et\/wp-json\/wp\/v2\/types\/product"}],"wp:featuredmedia":[{"embeddable":true,"href":"https:\/\/podo24.shop\/et\/wp-json\/wp\/v2\/media\/466"}],"wp:attachment":[{"href":"https:\/\/podo24.shop\/et\/wp-json\/wp\/v2\/media?parent=379"}],"wp:term":[{"taxonomy":"product_brand","embeddable":true,"href":"https:\/\/podo24.shop\/et\/wp-json\/wp\/v2\/product_brand?post=379"},{"taxonomy":"product_cat","embeddable":true,"href":"https:\/\/podo24.shop\/et\/wp-json\/wp\/v2\/product_cat?post=379"},{"taxonomy":"product_tag","embeddable":true,"href":"https:\/\/podo24.shop\/et\/wp-json\/wp\/v2\/product_tag?post=379"}],"curies":[{"name":"wp","href":"https:\/\/api.w.org\/{rel}","templated":true}]}}