{"id":369,"date":"2026-01-09T01:33:59","date_gmt":"2026-01-08T22:33:59","guid":{"rendered":"https:\/\/podo24.shop\/?post_type=product&#038;p=369"},"modified":"2026-01-09T01:41:57","modified_gmt":"2026-01-08T22:41:57","slug":"gehwol-fusskraft-taimnevann-krauter-bad","status":"publish","type":"product","link":"https:\/\/podo24.shop\/et\/toode\/gehwol-fusskraft-taimnevann-krauter-bad\/","title":{"rendered":"Gehwol Fusskraft taimnevann (Kr\u00e4uter Bad)"},"content":{"rendered":"<p>T\u00e4nu s\u00fcgavpuhastavale toimele muutub nahk elastsemaks. Tootel on p\u00fcsiv desodoreeriv toime.<\/p>\n<p>Jalavanni sool k\u00f5va ja pragunenud naha ning konnasilmade pehmendamiseks. Pikaajaliselt efektiivne higistamise vastu ja v\u00e4rskendava toimega. Hoiab \u00e4ra kihelust varvaste vahel.<\/p>","protected":false},"excerpt":{"rendered":"<p><strong>20g, 250g, 400g, 5kg, 10kg<\/strong><\/p>\n<p>T\u00e4nu s\u00fcgavpuhastavale toimele muutub nahk elastsemaks. Tootel on p\u00fcsiv desodoreeriv toime.<\/p>","protected":false},"featured_media":451,"template":"","meta":[],"product_brand":[],"product_cat":[16],"product_tag":[],"class_list":{"0":"post-369","1":"product","2":"type-product","3":"status-publish","4":"has-post-thumbnail","6":"product_cat-misc","8":"first","9":"outofstock","10":"taxable","11":"shipping-taxable","12":"product-type-variable"},"_links":{"self":[{"href":"https:\/\/podo24.shop\/et\/wp-json\/wp\/v2\/product\/369","targetHints":{"allow":["GET"]}}],"collection":[{"href":"https:\/\/podo24.shop\/et\/wp-json\/wp\/v2\/product"}],"about":[{"href":"https:\/\/podo24.shop\/et\/wp-json\/wp\/v2\/types\/product"}],"wp:featuredmedia":[{"embeddable":true,"href":"https:\/\/podo24.shop\/et\/wp-json\/wp\/v2\/media\/451"}],"wp:attachment":[{"href":"https:\/\/podo24.shop\/et\/wp-json\/wp\/v2\/media?parent=369"}],"wp:term":[{"taxonomy":"product_brand","embeddable":true,"href":"https:\/\/podo24.shop\/et\/wp-json\/wp\/v2\/product_brand?post=369"},{"taxonomy":"product_cat","embeddable":true,"href":"https:\/\/podo24.shop\/et\/wp-json\/wp\/v2\/product_cat?post=369"},{"taxonomy":"product_tag","embeddable":true,"href":"https:\/\/podo24.shop\/et\/wp-json\/wp\/v2\/product_tag?post=369"}],"curies":[{"name":"wp","href":"https:\/\/api.w.org\/{rel}","templated":true}]}}