{"id":360,"date":"2026-01-09T01:33:27","date_gmt":"2026-01-08T22:33:27","guid":{"rendered":"https:\/\/podo24.shop\/?post_type=product&#038;p=360"},"modified":"2026-01-09T01:40:15","modified_gmt":"2026-01-08T22:40:15","slug":"gehwol-med-pragunenud-naha-salv-kannalohede-ravi","status":"publish","type":"product","link":"https:\/\/podo24.shop\/et\/toode\/gehwol-med-pragunenud-naha-salv-kannalohede-ravi\/","title":{"rendered":"Gehwol med Pragunenud naha salv (kannal\u00f5hede ravi)"},"content":{"rendered":"<p data-start=\"34\" data-end=\"111\">Hooldav salv \u00fclem\u00e4\u00e4ra kuiva, kareda, krobelise ja l\u00f5henenud naha jaoks.<\/p>\n<p data-start=\"113\" data-end=\"264\">Hooldav salv kuivade jalgade naha jaoks, millel on praod ja karedad piirkonnad. Pehmendab tihedat, k\u00f5va ja karedat nahka, muudab selle elastseks.<\/p>\n<p data-start=\"266\" data-end=\"382\"><strong data-start=\"266\" data-end=\"279\">Sisaldab:<\/strong> Pantenool (naha vitamiin), Bisabolool (kummeli ekstrakt), Meditsiiniline seep, Nahas\u00f5bralikud rasvad<\/p>\n<p data-start=\"384\" data-end=\"533\">Soovitatav kasutada \u00f6\u00f6kreemina, kuna salv on v\u00e4ga rasvane ja imendub aeglaselt. Sobib diabeetikutele<\/p>","protected":false},"excerpt":{"rendered":"<p><strong>75ml, 125ml, 500ml<\/strong><\/p>\n<p>Hooldav salv liiga kuivale, k\u00f5vale, karedale ja l\u00f5henenud nahale.<\/p>","protected":false},"featured_media":440,"template":"","meta":[],"product_brand":[],"product_cat":[16],"product_tag":[],"class_list":{"0":"post-360","1":"product","2":"type-product","3":"status-publish","4":"has-post-thumbnail","6":"product_cat-misc","8":"first","9":"outofstock","10":"taxable","11":"shipping-taxable","12":"product-type-variable"},"_links":{"self":[{"href":"https:\/\/podo24.shop\/et\/wp-json\/wp\/v2\/product\/360","targetHints":{"allow":["GET"]}}],"collection":[{"href":"https:\/\/podo24.shop\/et\/wp-json\/wp\/v2\/product"}],"about":[{"href":"https:\/\/podo24.shop\/et\/wp-json\/wp\/v2\/types\/product"}],"wp:featuredmedia":[{"embeddable":true,"href":"https:\/\/podo24.shop\/et\/wp-json\/wp\/v2\/media\/440"}],"wp:attachment":[{"href":"https:\/\/podo24.shop\/et\/wp-json\/wp\/v2\/media?parent=360"}],"wp:term":[{"taxonomy":"product_brand","embeddable":true,"href":"https:\/\/podo24.shop\/et\/wp-json\/wp\/v2\/product_brand?post=360"},{"taxonomy":"product_cat","embeddable":true,"href":"https:\/\/podo24.shop\/et\/wp-json\/wp\/v2\/product_cat?post=360"},{"taxonomy":"product_tag","embeddable":true,"href":"https:\/\/podo24.shop\/et\/wp-json\/wp\/v2\/product_tag?post=360"}],"curies":[{"name":"wp","href":"https:\/\/api.w.org\/{rel}","templated":true}]}}