{"id":351,"date":"2026-01-09T01:33:00","date_gmt":"2026-01-08T22:33:00","guid":{"rendered":"https:\/\/podo24.shop\/?post_type=product&#038;p=351"},"modified":"2026-01-09T01:38:50","modified_gmt":"2026-01-08T22:38:50","slug":"gehwol-med-jalapuuder","status":"publish","type":"product","link":"https:\/\/podo24.shop\/et\/toode\/gehwol-med-jalapuuder\/","title":{"rendered":"GEHWOL med jalapuuder"},"content":{"rendered":"<p>Tugeval absorbeerival alusel aktiivainetega desinfitseeriv tolmpuuder. Teeb jalad kuivaks ja l\u00f5hnatuks.<\/p>\n<p>Imav pulber m\u00e4rgade jalgade (koosneb tsinkoksiidist, klotrimasoolist, triklosaanist, bisaboloolist) ja ebameeldiva l\u00f5hna probleemi lahendamiseks, kaitseb seennakkuste eest. Pulber hoiab \u00e4ra liigniiskusega kaasnevad jalahaigused ja higi lagunemise protsessid naha pinnal, ennetab jalanaha \u00e4rritust ja p\u00f5letikku. See imab niiskust naha pinnalt ja aitab hoida jalanahka kuivana, k\u00f5rvaldab ebameeldivad l\u00f5hnad ja desodoreerib nahka. Mentool annab kerguse ja jaheduse tunde. Puuder annab nahale \u00f5rnuse ja sametise tunde. Soovitatav diabeetikute jalahoolduseks.<\/p>","protected":false},"excerpt":{"rendered":"<p><strong>100g<\/strong><\/p>\n<p>Tugeval absorbeerival alusel aktiivainetega desinfitseeriv tolmpuuder. Teeb jalad kuivaks ja l\u00f5hnatuks.<\/p>","protected":false},"featured_media":428,"template":"","meta":[],"product_brand":[],"product_cat":[16],"product_tag":[],"class_list":{"0":"post-351","1":"product","2":"type-product","3":"status-publish","4":"has-post-thumbnail","6":"product_cat-misc","8":"first","9":"instock","10":"taxable","11":"shipping-taxable","12":"purchasable","13":"product-type-simple"},"_links":{"self":[{"href":"https:\/\/podo24.shop\/et\/wp-json\/wp\/v2\/product\/351","targetHints":{"allow":["GET"]}}],"collection":[{"href":"https:\/\/podo24.shop\/et\/wp-json\/wp\/v2\/product"}],"about":[{"href":"https:\/\/podo24.shop\/et\/wp-json\/wp\/v2\/types\/product"}],"wp:featuredmedia":[{"embeddable":true,"href":"https:\/\/podo24.shop\/et\/wp-json\/wp\/v2\/media\/428"}],"wp:attachment":[{"href":"https:\/\/podo24.shop\/et\/wp-json\/wp\/v2\/media?parent=351"}],"wp:term":[{"taxonomy":"product_brand","embeddable":true,"href":"https:\/\/podo24.shop\/et\/wp-json\/wp\/v2\/product_brand?post=351"},{"taxonomy":"product_cat","embeddable":true,"href":"https:\/\/podo24.shop\/et\/wp-json\/wp\/v2\/product_cat?post=351"},{"taxonomy":"product_tag","embeddable":true,"href":"https:\/\/podo24.shop\/et\/wp-json\/wp\/v2\/product_tag?post=351"}],"curies":[{"name":"wp","href":"https:\/\/api.w.org\/{rel}","templated":true}]}}