{"id":344,"date":"2026-01-09T01:32:28","date_gmt":"2026-01-08T22:32:28","guid":{"rendered":"https:\/\/podo24.shop\/?post_type=product&#038;p=344"},"modified":"2026-01-09T01:38:35","modified_gmt":"2026-01-08T22:38:35","slug":"gehwol-med-deodorant-jalakreem","status":"publish","type":"product","link":"https:\/\/podo24.shop\/et\/toode\/gehwol-med-deodorant-jalakreem\/","title":{"rendered":"GEHWOL med Deodorant jalakreem"},"content":{"rendered":"<p>Manuca ekstraktiga kreem tagab 24-tunnise v\u00e4rskuse.<\/p>\n<p>GEHWOL med Deodorant meeldiva l\u00f5hnaga jalakreem \u00fchendab manuka\u00f5li v\u00e4ga kontsentreeritud toimeaineekstrakti mikroniseeritud tsinkoksiidiga, et eemaldada tugev jalal\u00f5hn v\u00e4hemalt 24 tunni jooksul jojoba\u00f5li ja aloe veraga toitvas kreemip\u00f5hjas. Esmakordselt jalgade hoolduses kasutatav ekstrakt sisaldab k\u00f5iki tuntud manuka \u00f5li toimeaineid ja on eriti hea jalgade h\u00fcgieeniks t\u00e4nu suurep\u00e4rasele toimele bakterite ja seente vastu. Tsinkoksiid \u00fclit\u00f5husas mikroniseeritud kujul on toimeaine, mis on tundliku naha hooldamisel \u00fclimalt t\u00f5estatud ning millel on antimikroobsed ja nahka kaitsvad omadused. Aloe vera hoiab \u00e4ra p\u00f5letikud ning omab bakteriostaatilist, taastavat ja niisutavat toimet. Loodusliku vedela vahana imendub jojoba\u00f5li nahas kiiresti. See sisaldab v\u00e4\u00e4rtuslikke k\u00fcllastumata rasvhappeid ja toetab naha loomulikke funktsioone. Kergelt niisutava kreemi regulaarne kasutamine annab teile l\u00f5hnatud jalad, pehmendab nahka ja kaitseb seenhaiguste eest.<\/p>","protected":false},"excerpt":{"rendered":"<p><strong>75ml, 125ml, 500ml<\/strong><\/p>\n<p>Manuca ekstraktiga kreem tagab 24-tunnise v\u00e4rskuse.<\/p>","protected":false},"featured_media":422,"template":"","meta":[],"product_brand":[],"product_cat":[16],"product_tag":[],"class_list":{"0":"post-344","1":"product","2":"type-product","3":"status-publish","4":"has-post-thumbnail","6":"product_cat-misc","8":"first","9":"outofstock","10":"taxable","11":"shipping-taxable","12":"product-type-variable"},"_links":{"self":[{"href":"https:\/\/podo24.shop\/et\/wp-json\/wp\/v2\/product\/344","targetHints":{"allow":["GET"]}}],"collection":[{"href":"https:\/\/podo24.shop\/et\/wp-json\/wp\/v2\/product"}],"about":[{"href":"https:\/\/podo24.shop\/et\/wp-json\/wp\/v2\/types\/product"}],"wp:featuredmedia":[{"embeddable":true,"href":"https:\/\/podo24.shop\/et\/wp-json\/wp\/v2\/media\/422"}],"wp:attachment":[{"href":"https:\/\/podo24.shop\/et\/wp-json\/wp\/v2\/media?parent=344"}],"wp:term":[{"taxonomy":"product_brand","embeddable":true,"href":"https:\/\/podo24.shop\/et\/wp-json\/wp\/v2\/product_brand?post=344"},{"taxonomy":"product_cat","embeddable":true,"href":"https:\/\/podo24.shop\/et\/wp-json\/wp\/v2\/product_cat?post=344"},{"taxonomy":"product_tag","embeddable":true,"href":"https:\/\/podo24.shop\/et\/wp-json\/wp\/v2\/product_tag?post=344"}],"curies":[{"name":"wp","href":"https:\/\/api.w.org\/{rel}","templated":true}]}}