{"id":333,"date":"2026-01-09T01:32:27","date_gmt":"2026-01-08T22:32:27","guid":{"rendered":"https:\/\/podo24.shop\/?post_type=product&#038;p=333"},"modified":"2026-01-09T01:36:05","modified_gmt":"2026-01-08T22:36:05","slug":"gehwol-varskendav-jalavann","status":"publish","type":"product","link":"https:\/\/podo24.shop\/et\/toode\/gehwol-varskendav-jalavann\/","title":{"rendered":"Gehwol v\u00e4rskendav jalavann"},"content":{"rendered":"<p>Karbamiid ja vetikate ekstrakt, jahutavad, v\u00e4rskendavad, pehmendavad kallust.<\/p>\n<p>GEHWOLi v\u00e4rskendav jalavann turgutab v\u00e4sinud, valutavaid jalgu ja jalgu. Jahutav mentool annab kauakestva v\u00e4rskustunde. Vann neutraliseerib jalal\u00f5hna ja puhastab nahka intensiivselt. Karbamiid ja vetikaekstrakt annavad kuivale, l\u00f5henenud nahale lisaniiskust. Kallused v\u00f5i j\u00e4medad on pehmendatud ja neid saab eemaldada k\u00f5vale nahale m\u00f5eldud GEHWOL k\u00e4snaga. Regulaarsel kasutamisel j\u00e4\u00e4vad jalad terveks ja h\u00e4sti hooldatud.<\/p>","protected":false},"excerpt":{"rendered":"<p><strong>330g<\/strong><\/p>\n<p>Karbamiid ja vetikate ekstrakt, jahutavad, v\u00e4rskendavad, pehmendavad kallust.<\/p>","protected":false},"featured_media":394,"template":"","meta":[],"product_brand":[],"product_cat":[16],"product_tag":[],"class_list":{"0":"post-333","1":"product","2":"type-product","3":"status-publish","4":"has-post-thumbnail","6":"product_cat-misc","8":"first","9":"instock","10":"taxable","11":"shipping-taxable","12":"purchasable","13":"product-type-simple"},"_links":{"self":[{"href":"https:\/\/podo24.shop\/et\/wp-json\/wp\/v2\/product\/333","targetHints":{"allow":["GET"]}}],"collection":[{"href":"https:\/\/podo24.shop\/et\/wp-json\/wp\/v2\/product"}],"about":[{"href":"https:\/\/podo24.shop\/et\/wp-json\/wp\/v2\/types\/product"}],"wp:featuredmedia":[{"embeddable":true,"href":"https:\/\/podo24.shop\/et\/wp-json\/wp\/v2\/media\/394"}],"wp:attachment":[{"href":"https:\/\/podo24.shop\/et\/wp-json\/wp\/v2\/media?parent=333"}],"wp:term":[{"taxonomy":"product_brand","embeddable":true,"href":"https:\/\/podo24.shop\/et\/wp-json\/wp\/v2\/product_brand?post=333"},{"taxonomy":"product_cat","embeddable":true,"href":"https:\/\/podo24.shop\/et\/wp-json\/wp\/v2\/product_cat?post=333"},{"taxonomy":"product_tag","embeddable":true,"href":"https:\/\/podo24.shop\/et\/wp-json\/wp\/v2\/product_tag?post=333"}],"curies":[{"name":"wp","href":"https:\/\/api.w.org\/{rel}","templated":true}]}}