{"id":316,"date":"2026-01-09T01:32:26","date_gmt":"2026-01-08T22:32:26","guid":{"rendered":"https:\/\/podo24.shop\/?post_type=product&#038;p=316"},"modified":"2026-01-09T01:32:39","modified_gmt":"2026-01-08T22:32:39","slug":"gehwol-palsam-kuiva-karne-naha","status":"publish","type":"product","link":"https:\/\/podo24.shop\/et\/toode\/gehwol-palsam-kuiva-karne-naha\/","title":{"rendered":"Gehwol palsam kuiva karne naha"},"content":{"rendered":"<p>Taastav palsam v\u00e4sinud jalgadele kuivale, karedale ja l\u00f5henenud nahale. Omab rahustavat ja desodoreerivat toimet; aitab ennetada nakkusi.<\/p>\n<p>Jahutav mentool ning rosmariini ja lavendli looduslikud \u00f5lid omavad v\u00e4rskendavat, elustavat toimet. Valutavad jalad ja v\u00e4simuse m\u00e4rgid kaovad koheselt. Elustab v\u00e4sinud ja valutavaid jalgu. L\u00e4biproovitud antimikroobsed ained pakuvad pikaajalist kaitset jalal\u00f5hna eest, pakuvad t\u00f5husat kaitsemeetodit infektsioonide eest ja hoiavad jalad h\u00fcgieeniliselt v\u00e4rskena. GEHWOLi palsam kuivale karedale nahale sisaldab rohkelt nahas\u00f5bralikke aineid, nagu lanoliini ja avokaado\u00f5li. Kare ja rabe nahk taastab oma sileduse, elastsuse ja vastupidavuse. Aloe vera seob nahas lisaniiskust. GEHWOLi palsam kuivale karedale nahale annab meeldiva hea nahahoolduse tunde.<\/p>","protected":false},"excerpt":{"rendered":"<p><strong>75ml, 125ml<\/strong><\/p>\n<p>Taastav palsam v\u00e4sinud jalgadele kuivale, karedale ja l\u00f5henenud nahale. Omab rahustavat ja desodoreerivat toimet; aitab ennetada nakkusi.<\/p>","protected":false},"featured_media":346,"template":"","meta":[],"product_brand":[],"product_cat":[16],"product_tag":[],"class_list":{"0":"post-316","1":"product","2":"type-product","3":"status-publish","4":"has-post-thumbnail","6":"product_cat-misc","8":"first","9":"outofstock","10":"taxable","11":"shipping-taxable","12":"product-type-variable"},"_links":{"self":[{"href":"https:\/\/podo24.shop\/et\/wp-json\/wp\/v2\/product\/316","targetHints":{"allow":["GET"]}}],"collection":[{"href":"https:\/\/podo24.shop\/et\/wp-json\/wp\/v2\/product"}],"about":[{"href":"https:\/\/podo24.shop\/et\/wp-json\/wp\/v2\/types\/product"}],"wp:featuredmedia":[{"embeddable":true,"href":"https:\/\/podo24.shop\/et\/wp-json\/wp\/v2\/media\/346"}],"wp:attachment":[{"href":"https:\/\/podo24.shop\/et\/wp-json\/wp\/v2\/media?parent=316"}],"wp:term":[{"taxonomy":"product_brand","embeddable":true,"href":"https:\/\/podo24.shop\/et\/wp-json\/wp\/v2\/product_brand?post=316"},{"taxonomy":"product_cat","embeddable":true,"href":"https:\/\/podo24.shop\/et\/wp-json\/wp\/v2\/product_cat?post=316"},{"taxonomy":"product_tag","embeddable":true,"href":"https:\/\/podo24.shop\/et\/wp-json\/wp\/v2\/product_tag?post=316"}],"curies":[{"name":"wp","href":"https:\/\/api.w.org\/{rel}","templated":true}]}}